{"id":75,"date":"2023-05-28T13:05:52","date_gmt":"2023-05-28T11:05:52","guid":{"rendered":"https:\/\/www.kuehner-it.de\/?page_id=75"},"modified":"2023-05-28T13:05:52","modified_gmt":"2023-05-28T11:05:52","slug":"datenschutzerklaerung-ausonic","status":"publish","type":"page","link":"https:\/\/www.kuehner-it.de\/index.php\/datenschutzerklaerung-ausonic\/","title":{"rendered":"Datenschutzerkl\u00e4rung Ausonic"},"content":{"rendered":"\n<p>Datenschutzerkl\u00e4rung der Ausonic-App(s)<br><\/p>\n\n\n\n<p>Es werden keine Benutzerdaten gespeichert.<\/p>\n\n\n\n<p>Es werden keine Nutzungsdaten gespeichert.<\/p>\n\n\n\n<p>Wenn das Mikrophon zur Aufzeichnung von Daten genutzt wird, dann werden diese Daten nur lokal auf dem Ger\u00e4t des Nutzers aufgezeichnet.<\/p>\n\n\n\n<p><\/p>\n\n\n\n<p>Dr. K\u00fchner GmbH<br>Hans-B\u00f6ckler-Stra\u00dfe 13<br>40764 Langenfeld<\/p>\n\n\n\n<p>Gesch\u00e4ftsf\u00fchrung: Dr. Till K\u00fchner<\/p>\n\n\n\n<p><\/p>\n","protected":false},"excerpt":{"rendered":"<p>Datenschutzerkl\u00e4rung der Ausonic-App(s) Es werden keine Benutzerdaten gespeichert. Es werden keine Nutzungsdaten gespeichert. Wenn das Mikrophon zur Aufzeichnung von Daten genutzt wird, dann werden diese Daten nur lokal auf dem Ger\u00e4t des Nutzers aufgezeichnet. Dr. K\u00fchner GmbHHans-B\u00f6ckler-Stra\u00dfe 1340764 Langenfeld Gesch\u00e4ftsf\u00fchrung: Dr. Till K\u00fchner<\/p>\n","protected":false},"author":1,"featured_media":0,"parent":0,"menu_order":0,"comment_status":"closed","ping_status":"closed","template":"","meta":{"footnotes":""},"class_list":["post-75","page","type-page","status-publish","hentry"],"_links":{"self":[{"href":"https:\/\/www.kuehner-it.de\/index.php\/wp-json\/wp\/v2\/pages\/75","targetHints":{"allow":["GET"]}}],"collection":[{"href":"https:\/\/www.kuehner-it.de\/index.php\/wp-json\/wp\/v2\/pages"}],"about":[{"href":"https:\/\/www.kuehner-it.de\/index.php\/wp-json\/wp\/v2\/types\/page"}],"author":[{"embeddable":true,"href":"https:\/\/www.kuehner-it.de\/index.php\/wp-json\/wp\/v2\/users\/1"}],"replies":[{"embeddable":true,"href":"https:\/\/www.kuehner-it.de\/index.php\/wp-json\/wp\/v2\/comments?post=75"}],"version-history":[{"count":1,"href":"https:\/\/www.kuehner-it.de\/index.php\/wp-json\/wp\/v2\/pages\/75\/revisions"}],"predecessor-version":[{"id":76,"href":"https:\/\/www.kuehner-it.de\/index.php\/wp-json\/wp\/v2\/pages\/75\/revisions\/76"}],"wp:attachment":[{"href":"https:\/\/www.kuehner-it.de\/index.php\/wp-json\/wp\/v2\/media?parent=75"}],"curies":[{"name":"wp","href":"https:\/\/api.w.org\/{rel}","templated":true}]}}