{"id":23,"date":"2018-02-08T15:36:43","date_gmt":"2018-02-08T14:36:43","guid":{"rendered":"https:\/\/www.kuehner-it.de\/?page_id=23"},"modified":"2022-10-20T13:11:10","modified_gmt":"2022-10-20T11:11:10","slug":"dr-till-kuehner","status":"publish","type":"page","link":"https:\/\/www.kuehner-it.de\/index.php\/dr-till-kuehner\/","title":{"rendered":"Dr. Till K\u00fchner"},"content":{"rendered":"<p>Gesch\u00e4ftsf\u00fchrender Gesellschafter der Dr. K\u00fchner GmbH<\/p>\n<p>Seit 1986 (mit Unterbrechungen) in der Umweltakustik t\u00e4tig.<\/p>\n<p><strong>Ausbildung<\/strong><\/p>\n<p style=\"padding-left: 30px;\"><span lang=\"DE\">Diplomphysiker, Universit\u00e4t Bonn, 1997<br \/>\n<\/span><span lang=\"DE\">Dr. rer. nat., Universit\u00e4t Bonn, 1999<\/span><\/p>\n<p><strong>Normungst\u00e4tigkeiten<\/strong><\/p>\n<p style=\"padding-left: 30px;\">Obmann<br \/>\nISO\/TC 043\/SC 01\/WG 51 &#8222;Noise from shooting ranges&#8220;<\/p>\n<p style=\"padding-left: 30px;\">Mitglied<br \/>\nNA 001-01-02-07 AK &#8222;Akustik &#8211; Ger\u00e4usche von Schie\u00dfpl\u00e4tzen&#8220;<br \/>\nNA 001-01-05 AA &#8222;Ger\u00e4uschemissionsmessungen an Stra\u00dfenfahrzeugen einschlie\u00dflich Messungen im Fahrgastraum und am Arbeitsplatz&#8220;<br \/>\nNA 001-02-03-19 UA &#8222;Schallausbreitung im Freien&#8220;<\/p>\n","protected":false},"excerpt":{"rendered":"<p>Gesch\u00e4ftsf\u00fchrender Gesellschafter der Dr. K\u00fchner GmbH Seit 1986 (mit Unterbrechungen) in der Umweltakustik t\u00e4tig. Ausbildung Diplomphysiker, Universit\u00e4t Bonn, 1997 Dr. rer. nat., Universit\u00e4t Bonn, 1999 Normungst\u00e4tigkeiten Obmann ISO\/TC 043\/SC 01\/WG 51 &#8222;Noise from shooting ranges&#8220; Mitglied NA 001-01-02-07 AK &#8222;Akustik &#8211; Ger\u00e4usche von Schie\u00dfpl\u00e4tzen&#8220; NA 001-01-05 AA &#8222;Ger\u00e4uschemissionsmessungen an Stra\u00dfenfahrzeugen einschlie\u00dflich Messungen im Fahrgastraum und &hellip; <\/p>\n<p class=\"link-more\"><a href=\"https:\/\/www.kuehner-it.de\/index.php\/dr-till-kuehner\/\" class=\"more-link\"><span class=\"screen-reader-text\">\u201eDr. Till K\u00fchner\u201c<\/span> weiterlesen<\/a><\/p>\n","protected":false},"author":1,"featured_media":0,"parent":0,"menu_order":0,"comment_status":"closed","ping_status":"closed","template":"","meta":{"footnotes":""},"class_list":["post-23","page","type-page","status-publish","hentry"],"_links":{"self":[{"href":"https:\/\/www.kuehner-it.de\/index.php\/wp-json\/wp\/v2\/pages\/23","targetHints":{"allow":["GET"]}}],"collection":[{"href":"https:\/\/www.kuehner-it.de\/index.php\/wp-json\/wp\/v2\/pages"}],"about":[{"href":"https:\/\/www.kuehner-it.de\/index.php\/wp-json\/wp\/v2\/types\/page"}],"author":[{"embeddable":true,"href":"https:\/\/www.kuehner-it.de\/index.php\/wp-json\/wp\/v2\/users\/1"}],"replies":[{"embeddable":true,"href":"https:\/\/www.kuehner-it.de\/index.php\/wp-json\/wp\/v2\/comments?post=23"}],"version-history":[{"count":11,"href":"https:\/\/www.kuehner-it.de\/index.php\/wp-json\/wp\/v2\/pages\/23\/revisions"}],"predecessor-version":[{"id":69,"href":"https:\/\/www.kuehner-it.de\/index.php\/wp-json\/wp\/v2\/pages\/23\/revisions\/69"}],"wp:attachment":[{"href":"https:\/\/www.kuehner-it.de\/index.php\/wp-json\/wp\/v2\/media?parent=23"}],"curies":[{"name":"wp","href":"https:\/\/api.w.org\/{rel}","templated":true}]}}